{"id":35,"date":"2019-10-09T17:25:15","date_gmt":"2019-10-09T17:25:15","guid":{"rendered":"http:\/\/dobrebiuro.waw.pl\/?page_id=35"},"modified":"2019-10-23T19:48:17","modified_gmt":"2019-10-23T19:48:17","slug":"o-nas","status":"publish","type":"page","link":"https:\/\/dobrebiuro.waw.pl\/?page_id=35","title":{"rendered":"O nas"},"content":{"rendered":"\n<div class=\"wp-block-media-text alignfull has-media-on-the-right is-stacked-on-mobile\" style=\"grid-template-columns:auto 35%\"><figure class=\"wp-block-media-text__media\"><img loading=\"lazy\" decoding=\"async\" width=\"960\" height=\"720\" src=\"http:\/\/dobrebiuro.waw.pl\/wp-content\/uploads\/2019\/10\/business-861327_960_720.jpg\" alt=\"\" class=\"wp-image-80\" srcset=\"https:\/\/dobrebiuro.waw.pl\/wp-content\/uploads\/2019\/10\/business-861327_960_720.jpg 960w, https:\/\/dobrebiuro.waw.pl\/wp-content\/uploads\/2019\/10\/business-861327_960_720-300x225.jpg 300w, https:\/\/dobrebiuro.waw.pl\/wp-content\/uploads\/2019\/10\/business-861327_960_720-768x576.jpg 768w, https:\/\/dobrebiuro.waw.pl\/wp-content\/uploads\/2019\/10\/business-861327_960_720-830x623.jpg 830w, https:\/\/dobrebiuro.waw.pl\/wp-content\/uploads\/2019\/10\/business-861327_960_720-230x173.jpg 230w, https:\/\/dobrebiuro.waw.pl\/wp-content\/uploads\/2019\/10\/business-861327_960_720-350x263.jpg 350w, https:\/\/dobrebiuro.waw.pl\/wp-content\/uploads\/2019\/10\/business-861327_960_720-480x360.jpg 480w\" sizes=\"(max-width: 960px) 100vw, 960px\" \/><\/figure><div class=\"wp-block-media-text__content\">\n<p style=\"text-align:left\">Nasze biuro rachunkowe powsta\u0142o w 2003r. Ponad 16 lat dzia\u0142alno\u015bci na rynku us\u0142ug ksi\u0119gowych to sta\u0142e pog\u0142\u0119bianie naszej wiedzy i umiej\u0119tno\u015bci praktycznych. Podnosimy nasze kwalifikacje nieustannie szkol\u0105c si\u0119 w&nbsp;najlepszych krajowych o\u015brodkach, takich jak  Uniwersytet Warszawski, Stowarzyszenie Ksi\u0119gowych w&nbsp;Polsce, KPMG, EY, Deloitte oraz&nbsp;wsp\u00f3\u0142pracuj\u0105c z&nbsp;presti\u017cowymi wydawnictwami bran\u017cowymi, mi\u0119dzy innymi Gofin.<\/p>\n\n\n\n<p>Na sta\u0142e wsp\u00f3\u0142pracujemy z Kancelari\u0105 Doradztwa Podatkowego oraz Zak\u0142adem Szkolenia i Doskonalenia Zawodowego, specjalizuj\u0105cego si\u0119 w tematach PPO\u017b  oraz BHP<\/p>\n\n\n\n<p>Dzia\u0142alno\u015b\u0107 biura jest obj\u0119ta ubezpieczeniem OC prowadzonej dzia\u0142alno\u015bci z ochron\u0105 wydan\u0105 przez najwi\u0119kszego polskiego ubezpieczyciela PZU<\/p>\n<\/div><\/div>\n\n\n\n<p><strong>Joanna Skrzypek<\/strong>&nbsp;&#8211; w\u0142a\u015bciciel biura rachunkowego &#8211; jest absolwentk\u0105 Akademii Ekonomicznej w Krakowie oraz Uniwersytetu Warszawskiego. Uko\u0144czy\u0142a studia podyplomowe na wydziale finans\u00f3w i rachunkowo\u015bci Akademii Ekonomicznej w Krakowie oraz studia podyplomowe na wydziale Prawa i Administracji na Uniwersytecie Warszawskim o kierunku Prawo Podatkowe.&nbsp; <\/p>\n\n\n\n<p>Posiada wieloletnie do\u015bwiadczenie w zarz\u0105dzaniu grup\u0105 samodzielnych ksi\u0119gowych jako G\u0142\u00f3wna Ksi\u0119gowa, zasiada\u0142a r\u00f3wnie\u017c w radach nadzorczych firm polskich i zagranicznych. <\/p>\n\n\n\n<p>Maj\u0105c ponad 16 \u2013 letnie do\u015bwiadczenie w outsourcingu us\u0142ug ksi\u0119gowych odpowiada za prace zwi\u0105zane z prowadzeniem ksi\u0105g rachunkowych, sporz\u0105dzaniem deklaracji podatkowych, sporz\u0105dzeniem bilans\u00f3w oraz za wykonywanie proces\u00f3w raportowania do W\u0142a\u015bcicieli firm lub jednostek instytucji pa\u0144stwowych. <\/p>\n\n\n\n<p>Joanna Skrzypek  posiada&nbsp;<strong>certyfikat ksi\u0119gowy nr 3609\/2003 Ministerstwa Finans\u00f3w<\/strong> uprawniaj\u0105cy do us\u0142ugowego prowadzenia ksi\u0105g rachunkowych. Posiada do\u015bwiadczenie w obs\u0142udze os\u00f3b prawnych o profilach dzia\u0142alno\u015bci: us\u0142ugi, handel. Wykonuje proces wdra\u017cania tj. sporz\u0105dza polityk\u0119 rachunkowo\u015bci, plan kont oraz opracowuje typy i rodzaje dokument\u00f3w oraz ich obieg w istniej\u0105cej organizacji. <\/p>\n\n\n\n<div class=\"wp-block-image\"><figure class=\"aligncenter is-resized\"><img loading=\"lazy\" decoding=\"async\" src=\"http:\/\/dobrebiuro.waw.pl\/wp-content\/uploads\/2019\/10\/biuro1.jpg\" alt=\"\" class=\"wp-image-14\" width=\"353\" height=\"157\" srcset=\"https:\/\/dobrebiuro.waw.pl\/wp-content\/uploads\/2019\/10\/biuro1.jpg 337w, https:\/\/dobrebiuro.waw.pl\/wp-content\/uploads\/2019\/10\/biuro1-300x134.jpg 300w\" sizes=\"(max-width: 353px) 100vw, 353px\" \/><\/figure><\/div>\n","protected":false},"excerpt":{"rendered":"<p>Nasze biuro rachunkowe powsta\u0142o w 2003r. Ponad 16 lat dzia\u0142alno\u015bci na rynku us\u0142ug ksi\u0119gowych to sta\u0142e pog\u0142\u0119bianie naszej wiedzy i umiej\u0119tno\u015bci praktycznych. Podnosimy nasze kwalifikacje nieustannie szkol\u0105c si\u0119 w&nbsp;najlepszych krajowych o\u015brodkach, takich jak Uniwersytet Warszawski, Stowarzyszenie Ksi\u0119gowych w&nbsp;Polsce, KPMG, EY, Deloitte oraz&nbsp;wsp\u00f3\u0142pracuj\u0105c z&nbsp;presti\u017cowymi wydawnictwami bran\u017cowymi, mi\u0119dzy innymi Gofin. Na sta\u0142e wsp\u00f3\u0142pracujemy z Kancelari\u0105 Doradztwa Podatkowego [&hellip;]<\/p>\n","protected":false},"author":1,"featured_media":0,"parent":0,"menu_order":0,"comment_status":"closed","ping_status":"closed","template":"","meta":{"footnotes":""},"class_list":["post-35","page","type-page","status-publish","hentry"],"yoast_head":"<!-- This site is optimized with the Yoast SEO plugin v15.0 - https:\/\/yoast.com\/wordpress\/plugins\/seo\/ -->\n<title>O nas ~ dobrebiuro.waw.pl<\/title>\n<meta name=\"robots\" content=\"index, follow, max-snippet:-1, max-image-preview:large, max-video-preview:-1\" \/>\n<link rel=\"canonical\" href=\"http:\/\/dobrebiuro.waw.pl\/?page_id=35\" \/>\n<meta property=\"og:locale\" content=\"pl_PL\" \/>\n<meta property=\"og:type\" content=\"article\" \/>\n<meta property=\"og:title\" content=\"O nas ~ dobrebiuro.waw.pl\" \/>\n<meta property=\"og:description\" content=\"Nasze biuro rachunkowe powsta\u0142o w 2003r. Ponad 16 lat dzia\u0142alno\u015bci na rynku us\u0142ug ksi\u0119gowych to sta\u0142e pog\u0142\u0119bianie naszej wiedzy i umiej\u0119tno\u015bci praktycznych. Podnosimy nasze kwalifikacje nieustannie szkol\u0105c si\u0119 w&nbsp;najlepszych krajowych o\u015brodkach, takich jak Uniwersytet Warszawski, Stowarzyszenie Ksi\u0119gowych w&nbsp;Polsce, KPMG, EY, Deloitte oraz&nbsp;wsp\u00f3\u0142pracuj\u0105c z&nbsp;presti\u017cowymi wydawnictwami bran\u017cowymi, mi\u0119dzy innymi Gofin. Na sta\u0142e wsp\u00f3\u0142pracujemy z Kancelari\u0105 Doradztwa Podatkowego [&hellip;]\" \/>\n<meta property=\"og:url\" content=\"http:\/\/dobrebiuro.waw.pl\/?page_id=35\" \/>\n<meta property=\"og:site_name\" content=\"dobrebiuro.waw.pl\" \/>\n<meta property=\"article:modified_time\" content=\"2019-10-23T19:48:17+00:00\" \/>\n<meta property=\"og:image\" content=\"http:\/\/dobrebiuro.waw.pl\/wp-content\/uploads\/2019\/10\/business-861327_960_720.jpg\" \/>\n<meta name=\"twitter:card\" content=\"summary_large_image\" \/>\n<script type=\"application\/ld+json\" class=\"yoast-schema-graph\">{\"@context\":\"https:\/\/schema.org\",\"@graph\":[{\"@type\":\"WebSite\",\"@id\":\"https:\/\/dobrebiuro.waw.pl\/#website\",\"url\":\"https:\/\/dobrebiuro.waw.pl\/\",\"name\":\"dobrebiuro.waw.pl\",\"description\":\"kontakt@dobrebiuro.waw.pl\",\"potentialAction\":[{\"@type\":\"SearchAction\",\"target\":\"https:\/\/dobrebiuro.waw.pl\/?s={search_term_string}\",\"query-input\":\"required name=search_term_string\"}],\"inLanguage\":\"pl-PL\"},{\"@type\":\"ImageObject\",\"@id\":\"http:\/\/dobrebiuro.waw.pl\/?page_id=35#primaryimage\",\"inLanguage\":\"pl-PL\",\"url\":\"http:\/\/dobrebiuro.waw.pl\/wp-content\/uploads\/2019\/10\/business-861327_960_720.jpg\"},{\"@type\":\"WebPage\",\"@id\":\"http:\/\/dobrebiuro.waw.pl\/?page_id=35#webpage\",\"url\":\"http:\/\/dobrebiuro.waw.pl\/?page_id=35\",\"name\":\"O nas ~ dobrebiuro.waw.pl\",\"isPartOf\":{\"@id\":\"https:\/\/dobrebiuro.waw.pl\/#website\"},\"primaryImageOfPage\":{\"@id\":\"http:\/\/dobrebiuro.waw.pl\/?page_id=35#primaryimage\"},\"datePublished\":\"2019-10-09T17:25:15+00:00\",\"dateModified\":\"2019-10-23T19:48:17+00:00\",\"inLanguage\":\"pl-PL\",\"potentialAction\":[{\"@type\":\"ReadAction\",\"target\":[\"http:\/\/dobrebiuro.waw.pl\/?page_id=35\"]}]}]}<\/script>\n<!-- \/ Yoast SEO plugin. -->","_links":{"self":[{"href":"https:\/\/dobrebiuro.waw.pl\/index.php?rest_route=\/wp\/v2\/pages\/35"}],"collection":[{"href":"https:\/\/dobrebiuro.waw.pl\/index.php?rest_route=\/wp\/v2\/pages"}],"about":[{"href":"https:\/\/dobrebiuro.waw.pl\/index.php?rest_route=\/wp\/v2\/types\/page"}],"author":[{"embeddable":true,"href":"https:\/\/dobrebiuro.waw.pl\/index.php?rest_route=\/wp\/v2\/users\/1"}],"replies":[{"embeddable":true,"href":"https:\/\/dobrebiuro.waw.pl\/index.php?rest_route=%2Fwp%2Fv2%2Fcomments&post=35"}],"version-history":[{"count":13,"href":"https:\/\/dobrebiuro.waw.pl\/index.php?rest_route=\/wp\/v2\/pages\/35\/revisions"}],"predecessor-version":[{"id":201,"href":"https:\/\/dobrebiuro.waw.pl\/index.php?rest_route=\/wp\/v2\/pages\/35\/revisions\/201"}],"wp:attachment":[{"href":"https:\/\/dobrebiuro.waw.pl\/index.php?rest_route=%2Fwp%2Fv2%2Fmedia&parent=35"}],"curies":[{"name":"wp","href":"https:\/\/api.w.org\/{rel}","templated":true}]}}