{"id":147,"date":"2019-10-17T18:43:34","date_gmt":"2019-10-17T18:43:34","guid":{"rendered":"http:\/\/dobrebiuro.waw.pl\/?page_id=147"},"modified":"2019-10-23T19:49:23","modified_gmt":"2019-10-23T19:49:23","slug":"witamy","status":"publish","type":"page","link":"https:\/\/dobrebiuro.waw.pl\/","title":{"rendered":"Witamy"},"content":{"rendered":"\n<p>Witamy Pa\u0144stwa na stronie internetowej naszego Biura Rachunkowego.<\/p>\n\n\n\n<p>Jeste\u015bmy firm\u0105, kt\u00f3ra stawia sobie za cel profesjonaln\u0105 obs\u0142ug\u0119 podatkowo-ksi\u0119gow\u0105 dopasowan\u0105 do indywidualnych potrzeb Klienta oferuj\u0105c wysok\u0105 jako\u015b\u0107 \u015bwiadczonych us\u0142ug za rozs\u0105dn\u0105 cen\u0119.<\/p>\n\n\n\n<p>Nasi Klienci zajmuj\u0105 si\u0119 biznesem nam powierzaj\u0105c prowadzenie ksi\u0119gowo\u015bci oraz podatk\u00f3w swojej firmy wraz z odpowiedzialno\u015bci\u0105 za nie.<\/p>\n\n\n\n<p>W Pa\u0144stwa imieniu kontaktujemy si\u0119 z Urz\u0119dami Skarbowymi, Zak\u0142adem Ubezpiecze\u0144 Spo\u0142ecznych oraz innymi organami administracji pa\u0144stwowej dope\u0142niaj\u0105c wszystkich formalno\u015bci bez absorbowania cennego czasu W\u0142a\u015bcicieli firm. <\/p>\n\n\n\n<p>Nasza przewaga polega na wieloletnim do\u015bwiadczeniu, nieustannie podnoszonych kwalifikacjach oraz umiej\u0119tno\u015bci wykonywania zada\u0144 w spos\u00f3b dopasowany do Pa\u0144stwa potrzeb i oczekiwa\u0144.<\/p>\n\n\n\n<p>Ka\u017cdy Klient jest dla nas Klientem najwa\u017cniejszym.<\/p>\n\n\n\n<p>Serdecznie zapraszam do wsp\u00f3\u0142pracy &#8211; Joanna Skrzypek, w\u0142a\u015bcicielka Biura Rachunkowego<\/p>\n","protected":false},"excerpt":{"rendered":"<p>Witamy Pa\u0144stwa na stronie internetowej naszego Biura Rachunkowego. Jeste\u015bmy firm\u0105, kt\u00f3ra stawia sobie za cel profesjonaln\u0105 obs\u0142ug\u0119 podatkowo-ksi\u0119gow\u0105 dopasowan\u0105 do indywidualnych potrzeb Klienta oferuj\u0105c wysok\u0105 jako\u015b\u0107 \u015bwiadczonych us\u0142ug za rozs\u0105dn\u0105 cen\u0119. Nasi Klienci zajmuj\u0105 si\u0119 biznesem nam powierzaj\u0105c prowadzenie ksi\u0119gowo\u015bci oraz podatk\u00f3w swojej firmy wraz z odpowiedzialno\u015bci\u0105 za nie. W Pa\u0144stwa imieniu kontaktujemy si\u0119 z [&hellip;]<\/p>\n","protected":false},"author":1,"featured_media":0,"parent":0,"menu_order":0,"comment_status":"closed","ping_status":"closed","template":"","meta":{"footnotes":""},"class_list":["post-147","page","type-page","status-publish","hentry"],"yoast_head":"<!-- This site is optimized with the Yoast SEO plugin v15.0 - https:\/\/yoast.com\/wordpress\/plugins\/seo\/ -->\n<title>Witamy ~ dobrebiuro.waw.pl<\/title>\n<meta name=\"robots\" content=\"index, follow, max-snippet:-1, max-image-preview:large, max-video-preview:-1\" \/>\n<link rel=\"canonical\" href=\"http:\/\/dobrebiuro.waw.pl\/\" \/>\n<meta property=\"og:locale\" content=\"pl_PL\" \/>\n<meta property=\"og:type\" content=\"article\" \/>\n<meta property=\"og:title\" content=\"Witamy ~ dobrebiuro.waw.pl\" \/>\n<meta property=\"og:description\" content=\"Witamy Pa\u0144stwa na stronie internetowej naszego Biura Rachunkowego. Jeste\u015bmy firm\u0105, kt\u00f3ra stawia sobie za cel profesjonaln\u0105 obs\u0142ug\u0119 podatkowo-ksi\u0119gow\u0105 dopasowan\u0105 do indywidualnych potrzeb Klienta oferuj\u0105c wysok\u0105 jako\u015b\u0107 \u015bwiadczonych us\u0142ug za rozs\u0105dn\u0105 cen\u0119. Nasi Klienci zajmuj\u0105 si\u0119 biznesem nam powierzaj\u0105c prowadzenie ksi\u0119gowo\u015bci oraz podatk\u00f3w swojej firmy wraz z odpowiedzialno\u015bci\u0105 za nie. W Pa\u0144stwa imieniu kontaktujemy si\u0119 z [&hellip;]\" \/>\n<meta property=\"og:url\" content=\"http:\/\/dobrebiuro.waw.pl\/\" \/>\n<meta property=\"og:site_name\" content=\"dobrebiuro.waw.pl\" \/>\n<meta property=\"article:modified_time\" content=\"2019-10-23T19:49:23+00:00\" \/>\n<meta name=\"twitter:card\" content=\"summary_large_image\" \/>\n<script type=\"application\/ld+json\" class=\"yoast-schema-graph\">{\"@context\":\"https:\/\/schema.org\",\"@graph\":[{\"@type\":\"WebSite\",\"@id\":\"https:\/\/dobrebiuro.waw.pl\/#website\",\"url\":\"https:\/\/dobrebiuro.waw.pl\/\",\"name\":\"dobrebiuro.waw.pl\",\"description\":\"kontakt@dobrebiuro.waw.pl\",\"potentialAction\":[{\"@type\":\"SearchAction\",\"target\":\"https:\/\/dobrebiuro.waw.pl\/?s={search_term_string}\",\"query-input\":\"required name=search_term_string\"}],\"inLanguage\":\"pl-PL\"},{\"@type\":\"WebPage\",\"@id\":\"http:\/\/dobrebiuro.waw.pl\/#webpage\",\"url\":\"http:\/\/dobrebiuro.waw.pl\/\",\"name\":\"Witamy ~ dobrebiuro.waw.pl\",\"isPartOf\":{\"@id\":\"https:\/\/dobrebiuro.waw.pl\/#website\"},\"datePublished\":\"2019-10-17T18:43:34+00:00\",\"dateModified\":\"2019-10-23T19:49:23+00:00\",\"inLanguage\":\"pl-PL\",\"potentialAction\":[{\"@type\":\"ReadAction\",\"target\":[\"http:\/\/dobrebiuro.waw.pl\/\"]}]}]}<\/script>\n<!-- \/ Yoast SEO plugin. -->","_links":{"self":[{"href":"https:\/\/dobrebiuro.waw.pl\/index.php?rest_route=\/wp\/v2\/pages\/147"}],"collection":[{"href":"https:\/\/dobrebiuro.waw.pl\/index.php?rest_route=\/wp\/v2\/pages"}],"about":[{"href":"https:\/\/dobrebiuro.waw.pl\/index.php?rest_route=\/wp\/v2\/types\/page"}],"author":[{"embeddable":true,"href":"https:\/\/dobrebiuro.waw.pl\/index.php?rest_route=\/wp\/v2\/users\/1"}],"replies":[{"embeddable":true,"href":"https:\/\/dobrebiuro.waw.pl\/index.php?rest_route=%2Fwp%2Fv2%2Fcomments&post=147"}],"version-history":[{"count":6,"href":"https:\/\/dobrebiuro.waw.pl\/index.php?rest_route=\/wp\/v2\/pages\/147\/revisions"}],"predecessor-version":[{"id":202,"href":"https:\/\/dobrebiuro.waw.pl\/index.php?rest_route=\/wp\/v2\/pages\/147\/revisions\/202"}],"wp:attachment":[{"href":"https:\/\/dobrebiuro.waw.pl\/index.php?rest_route=%2Fwp%2Fv2%2Fmedia&parent=147"}],"curies":[{"name":"wp","href":"https:\/\/api.w.org\/{rel}","templated":true}]}}